{"id":59,"date":"2024-07-06T01:09:17","date_gmt":"2024-07-06T01:09:17","guid":{"rendered":"https:\/\/imperatrizpremium.com.br\/?page_id=59"},"modified":"2024-07-26T16:00:07","modified_gmt":"2024-07-26T16:00:07","slug":"atividades","status":"publish","type":"page","link":"https:\/\/imperatrizpremium.com.br\/?page_id=59","title":{"rendered":"Atividades"},"content":{"rendered":"\t\t<div data-elementor-type=\"wp-page\" data-elementor-id=\"59\" class=\"elementor elementor-59\" data-elementor-post-type=\"page\">\n\t\t\t\t\t\t<section class=\"elementor-section elementor-top-section elementor-element elementor-element-3dc85ead elementor-section-boxed elementor-section-height-default elementor-section-height-default\" data-id=\"3dc85ead\" data-element_type=\"section\" data-e-type=\"section\" data-settings=\"{&quot;background_background&quot;:&quot;classic&quot;}\">\n\t\t\t\t\t\t\t<div class=\"elementor-background-overlay\"><\/div>\n\t\t\t\t\t\t\t<div class=\"elementor-container elementor-column-gap-default\">\n\t\t\t\t\t<div class=\"elementor-column elementor-col-100 elementor-top-column elementor-element elementor-element-766798b3\" data-id=\"766798b3\" data-element_type=\"column\" data-e-type=\"column\">\n\t\t\t<div class=\"elementor-widget-wrap elementor-element-populated\">\n\t\t\t\t\t\t<div class=\"elementor-element elementor-element-57af64a0 elementor-widget elementor-widget-heading\" data-id=\"57af64a0\" data-element_type=\"widget\" data-e-type=\"widget\" data-widget_type=\"heading.default\">\n\t\t\t\t<div class=\"elementor-widget-container\">\n\t\t\t\t\t<h1 class=\"elementor-heading-title elementor-size-default\">Atividades<\/h1>\t\t\t\t<\/div>\n\t\t\t\t<\/div>\n\t\t\t\t\t<\/div>\n\t\t<\/div>\n\t\t\t\t\t<\/div>\n\t\t<\/section>\n\t\t\t\t<section class=\"elementor-section elementor-top-section elementor-element elementor-element-713d6a85 elementor-section-boxed elementor-section-height-default elementor-section-height-default\" data-id=\"713d6a85\" data-element_type=\"section\" data-e-type=\"section\">\n\t\t\t\t\t\t<div class=\"elementor-container elementor-column-gap-default\">\n\t\t\t\t\t<div class=\"elementor-column elementor-col-100 elementor-top-column elementor-element elementor-element-4a8f37bf\" data-id=\"4a8f37bf\" data-element_type=\"column\" data-e-type=\"column\">\n\t\t\t<div class=\"elementor-widget-wrap elementor-element-populated\">\n\t\t\t\t\t\t<div class=\"elementor-element elementor-element-3e27dbb elementor-widget elementor-widget-heading\" data-id=\"3e27dbb\" data-element_type=\"widget\" data-e-type=\"widget\" data-widget_type=\"heading.default\">\n\t\t\t\t<div class=\"elementor-widget-container\">\n\t\t\t\t\t<h2 class=\"elementor-heading-title elementor-size-default\">Pra voc\u00ea n\u00e3o precisar mudar sua Rotina, nos temos:<\/h2>\t\t\t\t<\/div>\n\t\t\t\t<\/div>\n\t\t\t\t<div class=\"elementor-element elementor-element-36efaa74 elementor-widget-divider--view-line elementor-widget elementor-widget-divider\" data-id=\"36efaa74\" data-element_type=\"widget\" data-e-type=\"widget\" data-widget_type=\"divider.default\">\n\t\t\t\t<div class=\"elementor-widget-container\">\n\t\t\t\t\t\t\t<div class=\"elementor-divider\">\n\t\t\t<span class=\"elementor-divider-separator\">\n\t\t\t\t\t\t<\/span>\n\t\t<\/div>\n\t\t\t\t\t\t<\/div>\n\t\t\t\t<\/div>\n\t\t\t\t<div class=\"elementor-element elementor-element-598cd843 elementor-widget elementor-widget-text-editor\" data-id=\"598cd843\" data-element_type=\"widget\" data-e-type=\"widget\" data-widget_type=\"text-editor.default\">\n\t\t\t\t<div class=\"elementor-widget-container\">\n\t\t\t\t\t\t\t\t\t<p>No <strong>Hotel Imperatriz Premium<\/strong>, oferecemos uma variedade de atividades e servi\u00e7os para garantir que sua estadia seja agrad\u00e1vel e inesquec\u00edvel. <strong>Desfrute<\/strong> de momentos de lazer com nossas op\u00e7\u00f5es de entretenimento, mantenha-se ativo na academia completa, ou relaxe e renove-se com os tratamentos dispon\u00edveis em nosso sal\u00e3o de beleza. Seja qual for a sua escolha, temos algo especial para todos os nossos h\u00f3spedes.<\/p>\t\t\t\t\t\t\t\t<\/div>\n\t\t\t\t<\/div>\n\t\t\t\t<div class=\"elementor-element elementor-element-797e7971 elementor-position-right elementor-vertical-align-middle elementor-widget elementor-widget-image-box\" data-id=\"797e7971\" data-element_type=\"widget\" data-e-type=\"widget\" data-widget_type=\"image-box.default\">\n\t\t\t\t<div class=\"elementor-widget-container\">\n\t\t\t\t\t<div class=\"elementor-image-box-wrapper\"><figure class=\"elementor-image-box-img\"><img fetchpriority=\"high\" decoding=\"async\" width=\"1411\" height=\"933\" src=\"https:\/\/imperatrizpremium.com.br\/wp-content\/uploads\/2024\/07\/1-13.png\" class=\"attachment-full size-full wp-image-222\" alt=\"\" srcset=\"https:\/\/imperatrizpremium.com.br\/wp-content\/uploads\/2024\/07\/1-13.png 1411w, https:\/\/imperatrizpremium.com.br\/wp-content\/uploads\/2024\/07\/1-13-300x198.png 300w, https:\/\/imperatrizpremium.com.br\/wp-content\/uploads\/2024\/07\/1-13-1024x677.png 1024w, https:\/\/imperatrizpremium.com.br\/wp-content\/uploads\/2024\/07\/1-13-768x508.png 768w\" sizes=\"(max-width: 1411px) 100vw, 1411px\" \/><\/figure><div class=\"elementor-image-box-content\"><h3 class=\"elementor-image-box-title\">Entretenimento e Recrea\u00e7\u00e3o<\/h3><p class=\"elementor-image-box-description\">Para garantir que a sua estadia seja repleta de divers\u00e3o e descontra\u00e7\u00e3o, oferecemos diversas atividades de lazer. Nossa mesa de sinuca \u00e9 o ponto de encontro perfeito para uma partida amig\u00e1vel ou para testar suas habilidades contra outros h\u00f3spedes. Al\u00e9m disso, a mesa de tot\u00f3 promete momentos de pura divers\u00e3o e competi\u00e7\u00e3o saud\u00e1vel.<\/p><\/div><\/div>\t\t\t\t<\/div>\n\t\t\t\t<\/div>\n\t\t\t\t<div class=\"elementor-element elementor-element-22e0f05f elementor-position-right elementor-vertical-align-middle elementor-widget elementor-widget-image-box\" data-id=\"22e0f05f\" data-element_type=\"widget\" data-e-type=\"widget\" data-widget_type=\"image-box.default\">\n\t\t\t\t<div class=\"elementor-widget-container\">\n\t\t\t\t\t<div class=\"elementor-image-box-wrapper\"><figure class=\"elementor-image-box-img\"><img decoding=\"async\" width=\"2560\" height=\"1920\" src=\"https:\/\/imperatrizpremium.com.br\/wp-content\/uploads\/2024\/07\/1-1-scaled.jpg\" class=\"attachment-full size-full wp-image-179\" alt=\"\" srcset=\"https:\/\/imperatrizpremium.com.br\/wp-content\/uploads\/2024\/07\/1-1-scaled.jpg 2560w, https:\/\/imperatrizpremium.com.br\/wp-content\/uploads\/2024\/07\/1-1-300x225.jpg 300w, https:\/\/imperatrizpremium.com.br\/wp-content\/uploads\/2024\/07\/1-1-1024x768.jpg 1024w, https:\/\/imperatrizpremium.com.br\/wp-content\/uploads\/2024\/07\/1-1-768x576.jpg 768w, https:\/\/imperatrizpremium.com.br\/wp-content\/uploads\/2024\/07\/1-1-1536x1152.jpg 1536w, https:\/\/imperatrizpremium.com.br\/wp-content\/uploads\/2024\/07\/1-1-2048x1536.jpg 2048w\" sizes=\"(max-width: 2560px) 100vw, 2560px\" \/><\/figure><div class=\"elementor-image-box-content\"><h3 class=\"elementor-image-box-title\">Nossa academia <\/h3><p class=\"elementor-image-box-description\">Para os h\u00f3spedes que n\u00e3o querem deixar a rotina de exerc\u00edcios de lado, nossa academia est\u00e1 equipada com aparelhos modernos e variados para atender todas as suas necessidades de treino. Seja voc\u00ea um entusiasta do fitness ou algu\u00e9m que deseja manter-se ativo durante a estadia, nossa academia proporciona um ambiente confort\u00e1vel e bem equipado.<\/p><\/div><\/div>\t\t\t\t<\/div>\n\t\t\t\t<\/div>\n\t\t\t\t<div class=\"elementor-element elementor-element-421e7950 elementor-position-right elementor-vertical-align-middle elementor-widget elementor-widget-image-box\" data-id=\"421e7950\" data-element_type=\"widget\" data-e-type=\"widget\" data-widget_type=\"image-box.default\">\n\t\t\t\t<div class=\"elementor-widget-container\">\n\t\t\t\t\t<div class=\"elementor-image-box-wrapper\"><figure class=\"elementor-image-box-img\"><a href=\"https:\/\/api.whatsapp.com\/send\/?phone=554299759999&#038;text&#038;type=phone_number&#038;app_absent=0\" tabindex=\"-1\"><img decoding=\"async\" width=\"2560\" height=\"1920\" src=\"https:\/\/imperatrizpremium.com.br\/wp-content\/uploads\/2024\/07\/IMG_6044-scaled.jpg\" class=\"attachment-full size-full wp-image-582\" alt=\"\" srcset=\"https:\/\/imperatrizpremium.com.br\/wp-content\/uploads\/2024\/07\/IMG_6044-scaled.jpg 2560w, https:\/\/imperatrizpremium.com.br\/wp-content\/uploads\/2024\/07\/IMG_6044-300x225.jpg 300w, https:\/\/imperatrizpremium.com.br\/wp-content\/uploads\/2024\/07\/IMG_6044-1024x768.jpg 1024w, https:\/\/imperatrizpremium.com.br\/wp-content\/uploads\/2024\/07\/IMG_6044-768x576.jpg 768w, https:\/\/imperatrizpremium.com.br\/wp-content\/uploads\/2024\/07\/IMG_6044-1536x1152.jpg 1536w, https:\/\/imperatrizpremium.com.br\/wp-content\/uploads\/2024\/07\/IMG_6044-2048x1536.jpg 2048w\" sizes=\"(max-width: 2560px) 100vw, 2560px\" \/><\/a><\/figure><div class=\"elementor-image-box-content\"><h3 class=\"elementor-image-box-title\"><a href=\"https:\/\/api.whatsapp.com\/send\/?phone=554299759999&#038;text&#038;type=phone_number&#038;app_absent=0\">Sal\u00e3o de Beleza<\/a><\/h3><p class=\"elementor-image-box-description\">Para quem busca um cuidado especial durante a estadia, nosso sal\u00e3o de beleza oferece uma gama completa de servi\u00e7os. Desde cortes de cabelo e tratamentos capilares at\u00e9 manicure e pedicure, nossos profissionais est\u00e3o prontos para cuidar de voc\u00ea com todo o carinho e aten\u00e7\u00e3o. Sinta-se renovado e aproveite para relaxar enquanto recebe um tratamento de primeira classe. \nClique para agendar o seu hor\u00e1rio.<\/p><\/div><\/div>\t\t\t\t<\/div>\n\t\t\t\t<\/div>\n\t\t\t\t<div class=\"elementor-element elementor-element-267076c7 elementor-position-right elementor-vertical-align-middle elementor-hidden-desktop elementor-hidden-tablet elementor-hidden-mobile elementor-widget elementor-widget-image-box\" data-id=\"267076c7\" data-element_type=\"widget\" data-e-type=\"widget\" data-widget_type=\"image-box.default\">\n\t\t\t\t<div class=\"elementor-widget-container\">\n\t\t\t\t\t<div class=\"elementor-image-box-wrapper\"><figure class=\"elementor-image-box-img\"><img decoding=\"async\" src=\"https:\/\/imperatrizpremium.com.br\/wp-content\/plugins\/elementor\/assets\/images\/placeholder.png\" title=\"\" alt=\"\" loading=\"lazy\" \/><\/figure><div class=\"elementor-image-box-content\"><h3 class=\"elementor-image-box-title\">Mountain tracking<\/h3><p class=\"elementor-image-box-description\">Aliquam mattis quis urna in pellentesque. Vestibulum gravida dignissim massa vitae ornare. Aliquam non pellentesque dui, vitae tristique diam. Maecenas a ligula luctus, scelerisque nulla id, fringilla est. Praesent sagittis vel risus et convallis. Cras nec purus et nulla imperdiet porttitor nec eu augue. Donec vel bibendum elit. Aenean ut scelerisque mauris, ut lacinia turpis. Suspendisse ullamcorper aliquam lectus, et auctor diam porttitor eu. Etiam nec augue mattis, lacinia justo sed, vulputate turpis. Cras consectetur, diam quis efficitur pulvinar, ligula felis maximus turpis, a commodo purus ligula eu metus.<\/p><\/div><\/div>\t\t\t\t<\/div>\n\t\t\t\t<\/div>\n\t\t\t\t<div class=\"elementor-element elementor-element-6725e64d elementor-position-right elementor-vertical-align-middle elementor-hidden-desktop elementor-hidden-tablet elementor-hidden-mobile elementor-widget elementor-widget-image-box\" data-id=\"6725e64d\" data-element_type=\"widget\" data-e-type=\"widget\" data-widget_type=\"image-box.default\">\n\t\t\t\t<div class=\"elementor-widget-container\">\n\t\t\t\t\t<div class=\"elementor-image-box-wrapper\"><figure class=\"elementor-image-box-img\"><img decoding=\"async\" src=\"https:\/\/imperatrizpremium.com.br\/wp-content\/plugins\/elementor\/assets\/images\/placeholder.png\" title=\"\" alt=\"\" loading=\"lazy\" \/><\/figure><div class=\"elementor-image-box-content\"><h3 class=\"elementor-image-box-title\">Family Fun<\/h3><p class=\"elementor-image-box-description\">Aliquam mattis quis urna in pellentesque. Vestibulum gravida dignissim massa vitae ornare. Aliquam non pellentesque dui, vitae tristique diam. Maecenas a ligula luctus, scelerisque nulla id, fringilla est. Praesent sagittis vel risus et convallis. Cras nec purus et nulla imperdiet porttitor nec eu augue. Donec vel bibendum elit. Aenean ut scelerisque mauris, ut lacinia turpis. Suspendisse ullamcorper aliquam lectus, et auctor diam porttitor eu. Etiam nec augue mattis, lacinia justo sed, vulputate turpis. Cras consectetur, diam quis efficitur pulvinar, ligula felis maximus turpis, a commodo purus ligula eu metus.<\/p><\/div><\/div>\t\t\t\t<\/div>\n\t\t\t\t<\/div>\n\t\t\t\t\t<\/div>\n\t\t<\/div>\n\t\t\t\t\t<\/div>\n\t\t<\/section>\n\t\t\t\t<\/div>\n\t\t","protected":false},"excerpt":{"rendered":"<p>Atividades Pra voc\u00ea n\u00e3o precisar mudar sua Rotina, nos temos: No Hotel Imperatriz Premium, oferecemos uma variedade de atividades e servi\u00e7os para garantir que sua estadia seja agrad\u00e1vel e inesquec\u00edvel. Desfrute de momentos de lazer com nossas op\u00e7\u00f5es de entretenimento, mantenha-se ativo na academia completa, ou relaxe e renove-se com os tratamentos dispon\u00edveis em nosso [&hellip;]<\/p>\n","protected":false},"author":1,"featured_media":0,"parent":0,"menu_order":0,"comment_status":"closed","ping_status":"closed","template":"","meta":{"_joinchat":[],"footnotes":""},"class_list":["post-59","page","type-page","status-publish","hentry"],"_links":{"self":[{"href":"https:\/\/imperatrizpremium.com.br\/index.php?rest_route=\/wp\/v2\/pages\/59","targetHints":{"allow":["GET"]}}],"collection":[{"href":"https:\/\/imperatrizpremium.com.br\/index.php?rest_route=\/wp\/v2\/pages"}],"about":[{"href":"https:\/\/imperatrizpremium.com.br\/index.php?rest_route=\/wp\/v2\/types\/page"}],"author":[{"embeddable":true,"href":"https:\/\/imperatrizpremium.com.br\/index.php?rest_route=\/wp\/v2\/users\/1"}],"replies":[{"embeddable":true,"href":"https:\/\/imperatrizpremium.com.br\/index.php?rest_route=%2Fwp%2Fv2%2Fcomments&post=59"}],"version-history":[{"count":22,"href":"https:\/\/imperatrizpremium.com.br\/index.php?rest_route=\/wp\/v2\/pages\/59\/revisions"}],"predecessor-version":[{"id":591,"href":"https:\/\/imperatrizpremium.com.br\/index.php?rest_route=\/wp\/v2\/pages\/59\/revisions\/591"}],"wp:attachment":[{"href":"https:\/\/imperatrizpremium.com.br\/index.php?rest_route=%2Fwp%2Fv2%2Fmedia&parent=59"}],"curies":[{"name":"wp","href":"https:\/\/api.w.org\/{rel}","templated":true}]}}